{"id":103,"date":"2025-03-25T16:00:19","date_gmt":"2025-03-25T16:00:19","guid":{"rendered":"https:\/\/schach-manuel-lernen.ch\/?page_id=103"},"modified":"2025-05-02T15:59:36","modified_gmt":"2025-05-02T15:59:36","slug":"datenschutz","status":"publish","type":"page","link":"https:\/\/schach-manuel-lernen.ch\/index.php\/datenschutz\/","title":{"rendered":"z_Datenschutz"},"content":{"rendered":"\n<div class=\"row\"  id=\"row-93656116\">\n\n\n\t<div id=\"col-1547673104\" class=\"col small-12 large-12\"  >\n\t\t\t\t<div class=\"col-inner\"  >\n\t\t\t\n\t\t\t\n\n\t<div id=\"text-1862473910\" class=\"text\">\n\t\t\n\n<h2>Datenschutzerkl\u00e4rung<\/h2>\n\n\t\t\n<style>\n#text-1862473910 {\n  color: #d3b78b;\n}\n#text-1862473910 > * {\n  color: #d3b78b;\n}\n<\/style>\n\t<\/div>\n\t\n<h5 class=\"uppercase\">Hinweise zur Datenverarbeitung im Zusammenhang mit Google Analytics<\/h5>\n<p data-pm-slice=\"1 1 &#091;&#093;\">Diese Website nutzt ein Webanalyse-Tool, das die Nutzung der Website auswertet und Reports \u00fcber die Website-Aktivit\u00e4ten erstellt. Dabei werden sogenannte &#8222;Cookies&#8220; verwendet, das sind kleine Textdateien, die auf dem verwendeten Ger\u00e4t gespeichert werden und eine Analyse der Nutzung der Website erm\u00f6glichen. Die durch Cookies erzeugten Informationen \u00fcber die Nutzung der Website werden in der Regel an einen Server des Dienstleisters \u00fcbertragen und dort gespeichert.<\/p>\n<p>Das Webanalyse-Tool wird mit aktivierter IP-Anonymisierung eingesetzt, sodass IP-Adressen innerhalb von Mitgliedstaaten der Europ\u00e4ischen Union oder in anderen Vertragsstaaten des Abkommens \u00fcber den Europ\u00e4ischen Wirtschaftsraum zuvor gek\u00fcrzt werden. Dadurch ist eine direkte Personenbeziehbarkeit ausgeschlossen. Die im Rahmen der Webanalyse \u00fcbermittelte IP-Adresse wird nicht mit anderen Daten zusammengef\u00fchrt.<\/p>\n<p>Die Verarbeitung der Daten erfolgt auf Grundlage von Art. 6 Abs. 1 lit. f DSGVO. Das berechtigte Interesse besteht in der Optimierung dieser Website, der Analyse der Nutzung und der Anpassung der Inhalte. Die Interessen der Nutzer werden durch die Pseudonymisierung hinreichend gewahrt.<\/p>\n<p>Die durch Cookies gesammelten Daten werden nach einer bestimmten Speicherdauer automatisch gel\u00f6scht. Die Erfassung durch das Webanalyse-Tool kann verhindert werden, indem die Cookie-Einstellungen dieser Website angepasst werden. Zudem kann die Erfassung und Speicherung der durch Cookies erzeugten Daten jederzeit mit Wirkung f\u00fcr die Zukunft durch entsprechende Browsereinstellungen oder ein Opt-Out-Plugin unterbunden werden.<\/p>\n<p>Seitenbesucher haben gem\u00e4\u00df der einschl\u00e4gigen Datenschutzgesetze, insbesondere der DSGVO, bestimmte Rechte hinsichtlich der Verarbeitung ihrer personenbezogenen Daten. Dazu geh\u00f6ren das Recht auf Auskunft, Berichtigung, L\u00f6schung, Einschr\u00e4nkung der Verarbeitung sowie das Recht auf Widerspruch gegen bestimmte Verarbeitungen. Ebenso besteht ein Recht auf Daten\u00fcbertragbarkeit.<\/p>\n<p>Zur Wahrnehmung dieser Rechte oder bei Fragen zum Datenschutz auf dieser Website kann sich der Seitenbesucher direkt an den Betreiber dieser Website wenden.<\/p>\n<p>\u00a0<\/p>\n<p>\u00a0<\/p>\n\n\t\t<\/div>\n\t\t\t\t\t<\/div>\n\n\t\n\n<\/div>\n\n","protected":false},"excerpt":{"rendered":"","protected":false},"author":1,"featured_media":0,"parent":0,"menu_order":0,"comment_status":"closed","ping_status":"closed","template":"","meta":{"footnotes":""},"class_list":["post-103","page","type-page","status-publish","hentry"],"_links":{"self":[{"href":"https:\/\/schach-manuel-lernen.ch\/index.php\/wp-json\/wp\/v2\/pages\/103","targetHints":{"allow":["GET"]}}],"collection":[{"href":"https:\/\/schach-manuel-lernen.ch\/index.php\/wp-json\/wp\/v2\/pages"}],"about":[{"href":"https:\/\/schach-manuel-lernen.ch\/index.php\/wp-json\/wp\/v2\/types\/page"}],"author":[{"embeddable":true,"href":"https:\/\/schach-manuel-lernen.ch\/index.php\/wp-json\/wp\/v2\/users\/1"}],"replies":[{"embeddable":true,"href":"https:\/\/schach-manuel-lernen.ch\/index.php\/wp-json\/wp\/v2\/comments?post=103"}],"version-history":[{"count":7,"href":"https:\/\/schach-manuel-lernen.ch\/index.php\/wp-json\/wp\/v2\/pages\/103\/revisions"}],"predecessor-version":[{"id":237,"href":"https:\/\/schach-manuel-lernen.ch\/index.php\/wp-json\/wp\/v2\/pages\/103\/revisions\/237"}],"wp:attachment":[{"href":"https:\/\/schach-manuel-lernen.ch\/index.php\/wp-json\/wp\/v2\/media?parent=103"}],"curies":[{"name":"wp","href":"https:\/\/api.w.org\/{rel}","templated":true}]}}