{"id":8,"date":"2025-03-24T17:19:20","date_gmt":"2025-03-24T17:19:20","guid":{"rendered":"https:\/\/schach-manuel-lernen.ch\/?page_id=8"},"modified":"2026-04-12T11:02:52","modified_gmt":"2026-04-12T11:02:52","slug":"home","status":"publish","type":"page","link":"https:\/\/schach-manuel-lernen.ch\/","title":{"rendered":"DE &#8211; Home"},"content":{"rendered":"\n\t<div id=\"gap-870949346\" class=\"gap-element clearfix\" style=\"display:block; height:auto;\">\n\t\t\n<style>\n#gap-870949346 {\n  padding-top: 50px;\n}\n<\/style>\n\t<\/div>\n\t\n\n<div class=\"row\"  id=\"row-803693479\">\n\n\n\t<div id=\"col-799372985\" class=\"col small-12 large-12\"  >\n\t\t\t\t<div class=\"col-inner\"  >\n\t\t\t\n\t\t\t\n\n\t<div id=\"text-1710846551\" class=\"text\">\n\t\t\n\n<h2>Willkommen in der Welt des Schachs<\/h2>\n\t\t\n<style>\n#text-1710846551 {\n  text-align: center;\n  color: rgb(211, 183, 139);\n}\n#text-1710846551 > * {\n  color: rgb(211, 183, 139);\n}\n<\/style>\n\t<\/div>\n\t\n\n\t\t<\/div>\n\t\t\t\t\t<\/div>\n\n\t\n\n<\/div>\n<div class=\"row\"  id=\"row-1658707183\">\n\n\n\t<div id=\"col-78734109\" class=\"col small-12 large-12\"  >\n\t\t\t\t<div class=\"col-inner\"  >\n\t\t\t\n\t\t\t\n\n\t<div class=\"img has-hover x md-x lg-x y md-y lg-y\" id=\"image_242851241\">\n\t\t\t\t\t\t\t\t<div class=\"img-inner dark\" >\n\t\t\t<img loading=\"lazy\" decoding=\"async\" width=\"726\" height=\"543\" src=\"https:\/\/schach-manuel-lernen.ch\/wp-content\/uploads\/2025\/03\/01_manuel.png\" class=\"attachment-large size-large\" alt=\"\" srcset=\"https:\/\/schach-manuel-lernen.ch\/wp-content\/uploads\/2025\/03\/01_manuel.png 726w, https:\/\/schach-manuel-lernen.ch\/wp-content\/uploads\/2025\/03\/01_manuel-300x224.png 300w\" sizes=\"auto, (max-width: 726px) 100vw, 726px\" \/>\t\t\t\t\t\t\n\t\t\t\t\t<\/div>\n\t\t\t\t\t\t\t\t\n<style>\n#image_242851241 {\n  width: 100%;\n}\n<\/style>\n\t<\/div>\n\t\n\n\t<div id=\"text-3169721569\" class=\"text\">\n\t\t\n\n<p>Mein Name ist Manuel Dietiker und ich bin 30 Jahre jung.<br \/>Seit meinem neunten Lebensjahr spiele ich Schach und habe in dieser Zeit schon viele und bereichernde Erfahrungen sammeln k\u00f6nnen.<br \/>Gerne m\u00f6chte ich nun mein Wissen und die Freude am Spiel weitergeben.<br \/>Ich hoffe, dass Sie am Schach genau so viel Freude haben werden, wie ich es seit Jahren habe.<\/p>\n\t\t\n<style>\n#text-3169721569 {\n  font-size: 1.45rem;\n  line-height: 1.85;\n  text-align: center;\n  color: rgb(255,255,255);\n}\n#text-3169721569 > * {\n  color: rgb(255,255,255);\n}\n<\/style>\n\t<\/div>\n\t\n\n\t\t<\/div>\n\t\t\t\t\t<\/div>\n\n\t\n\n<\/div>\n\t<div id=\"gap-529716002\" class=\"gap-element clearfix\" style=\"display:block; height:auto;\">\n\t\t\n<style>\n#gap-529716002 {\n  padding-top: 50px;\n}\n<\/style>\n\t<\/div>\n\t\n\n<div class=\"row\"  id=\"row-908919649\">\n\n\n\t<div id=\"col-130958917\" class=\"col medium-6 small-12 large-6\"  >\n\t\t\t\t<div class=\"col-inner\"  >\n\t\t\t\n\t\t\t\n\n\t<div id=\"text-1454483945\" class=\"text\">\n\t\t\n\n<h2>News<\/h2>\n\t\t\n<style>\n#text-1454483945 {\n  font-size: 1.75rem;\n  color: rgb(211, 183, 139);\n}\n#text-1454483945 > * {\n  color: rgb(211, 183, 139);\n}\n<\/style>\n\t<\/div>\n\t\n\n\t\t<\/div>\n\t\t\t\t\t<\/div>\n\n\t\n\n\t<div id=\"col-1779265429\" class=\"col medium-6 small-12 large-6\"  >\n\t\t\t\t<div class=\"col-inner\"  >\n\t\t\t\n\t\t\t\n\n<p>12.04.2026 &#8211; Im M\u00e4rz erreichte ich zwei Highlights:<br \/>\n1. Dritter Platz beim R\u00e9ti Amateur Open in einem starken Teilnehmerfeld \ud83e\udd49<br \/>\n2. Erster Platz beim Plauschturnier in Stettlen \ud83e\udd47<\/p>\n\n<a href=\"https:\/\/meet.google.com\/vdu-cncm-mvu\" target=\"_blank\" class=\"button secondary\" rel=\"noopener\"  style=\"border-radius:10px;\">\n\t\t<span>Join in Google<\/span>\n\t<\/a>\n\n\n\n\t\t<\/div>\n\t\t\t\t\t<\/div>\n\n\t\n\n<\/div>\n\t<div class=\"img has-hover x md-x lg-x y md-y lg-y\" id=\"image_1129927111\">\n\t\t\t\t<div data-parallax-fade=\"true\" data-parallax=\"2\">\t\t\t\t<div class=\"img-inner image-cover dark\" style=\"padding-top:33%;\">\n\t\t\t<img loading=\"lazy\" decoding=\"async\" width=\"1020\" height=\"582\" src=\"https:\/\/schach-manuel-lernen.ch\/wp-content\/uploads\/2025\/03\/01_schach_hand-1024x584.png\" class=\"attachment-large size-large\" alt=\"\" srcset=\"https:\/\/schach-manuel-lernen.ch\/wp-content\/uploads\/2025\/03\/01_schach_hand-1024x584.png 1024w, https:\/\/schach-manuel-lernen.ch\/wp-content\/uploads\/2025\/03\/01_schach_hand-300x171.png 300w, https:\/\/schach-manuel-lernen.ch\/wp-content\/uploads\/2025\/03\/01_schach_hand-768x438.png 768w, https:\/\/schach-manuel-lernen.ch\/wp-content\/uploads\/2025\/03\/01_schach_hand-1536x876.png 1536w, https:\/\/schach-manuel-lernen.ch\/wp-content\/uploads\/2025\/03\/01_schach_hand.png 1708w\" sizes=\"auto, (max-width: 1020px) 100vw, 1020px\" \/>\t\t\t\t\t\t\n\t\t\t\t\t<\/div>\n\t\t\t\t<\/div>\t\t\t\t\n<style>\n#image_1129927111 {\n  width: 100%;\n}\n<\/style>\n\t<\/div>\n\t\n\n\t<div id=\"gap-466677230\" class=\"gap-element clearfix\" style=\"display:block; height:auto;\">\n\t\t\n<style>\n#gap-466677230 {\n  padding-top: 50px;\n}\n<\/style>\n\t<\/div>\n\t\n\n<div class=\"row\"  id=\"row-994735369\">\n\n\n\t<div id=\"col-1125499378\" class=\"col medium-4 small-12 large-4\"  >\n\t\t\t\t<div class=\"col-inner\"  >\n\t\t\t\n\t\t\t\n\n\t<div class=\"img has-hover x md-x lg-x y md-y lg-y\" id=\"image_1535850077\">\n\t\t\t\t\t\t\t\t<div class=\"img-inner dark\" >\n\t\t\t<img loading=\"lazy\" decoding=\"async\" width=\"1020\" height=\"1020\" src=\"https:\/\/schach-manuel-lernen.ch\/wp-content\/uploads\/2025\/03\/manuel_02-1024x1024.webp\" class=\"attachment-large size-large\" alt=\"\" srcset=\"https:\/\/schach-manuel-lernen.ch\/wp-content\/uploads\/2025\/03\/manuel_02-1024x1024.webp 1024w, https:\/\/schach-manuel-lernen.ch\/wp-content\/uploads\/2025\/03\/manuel_02-300x300.webp 300w, https:\/\/schach-manuel-lernen.ch\/wp-content\/uploads\/2025\/03\/manuel_02-150x150.webp 150w, https:\/\/schach-manuel-lernen.ch\/wp-content\/uploads\/2025\/03\/manuel_02-768x768.webp 768w, https:\/\/schach-manuel-lernen.ch\/wp-content\/uploads\/2025\/03\/manuel_02-1536x1536.webp 1536w, https:\/\/schach-manuel-lernen.ch\/wp-content\/uploads\/2025\/03\/manuel_02-2048x2048.webp 2048w\" sizes=\"auto, (max-width: 1020px) 100vw, 1020px\" \/>\t\t\t\t\t\t\n\t\t\t\t\t<\/div>\n\t\t\t\t\t\t\t\t\n<style>\n#image_1535850077 {\n  width: 100%;\n}\n<\/style>\n\t<\/div>\n\t\n\n\n\t\t<\/div>\n\t\t\t\t\t<\/div>\n\n\t\n\n\t<div id=\"col-520376698\" class=\"col medium-8 small-12 large-8\"  >\n\t\t\t\t<div class=\"col-inner\"  >\n\t\t\t\n\t\t\t\n\n\t<div id=\"text-388046491\" class=\"text\">\n\t\t\n\n<h2 class=\"uppercase\">Meine Motivation<\/h2>\n\t\t\n<style>\n#text-388046491 {\n  color: #d3b78b;\n}\n#text-388046491 > * {\n  color: #d3b78b;\n}\n<\/style>\n\t<\/div>\n\t\n<p>Mir half Schach als kleines Kind sehr mit dem vernetzten denken und bei der pers\u00f6nlichen Entwicklung. Das regelm\u00e4ssige Training mit meinen Freunden, sowie die Zugfahrten mit dem Team zu den jeweiligen Mannschaftswettk\u00e4mpfen, waren immer von fr\u00f6hlicher und erholsamer Natur.<\/p>\n<p>Mein Wissen und meine Freude will ich durch Schachunterricht weitergeben.<\/p>\n\n\t\t<\/div>\n\t\t\t\t\t<\/div>\n\n\t\n\n<\/div>\n<div class=\"text-center\"><div class=\"is-divider divider clearfix\" style=\"max-width:500px;\"><\/div><\/div>\n\n<div class=\"row\"  id=\"row-1038433321\">\n\n\n\t<div id=\"col-404252513\" class=\"col medium-4 small-12 large-4\"  >\n\t\t\t\t<div class=\"col-inner\"  >\n\t\t\t\n\t\t\t\n\n\t<div class=\"img has-hover x md-x lg-x y md-y lg-y\" id=\"image_1280378272\">\n\t\t\t\t\t\t\t\t<div class=\"img-inner dark\" >\n\t\t\t<img loading=\"lazy\" decoding=\"async\" width=\"318\" height=\"253\" src=\"https:\/\/schach-manuel-lernen.ch\/wp-content\/uploads\/2025\/03\/rating.png\" class=\"attachment-large size-large\" alt=\"\" srcset=\"https:\/\/schach-manuel-lernen.ch\/wp-content\/uploads\/2025\/03\/rating.png 318w, https:\/\/schach-manuel-lernen.ch\/wp-content\/uploads\/2025\/03\/rating-300x239.png 300w\" sizes=\"auto, (max-width: 318px) 100vw, 318px\" \/>\t\t\t\t\t\t\n\t\t\t\t\t<\/div>\n\t\t\t\t\t\t\t\t\n<style>\n#image_1280378272 {\n  width: 100%;\n}\n<\/style>\n\t<\/div>\n\t\n\n\n\t\t<\/div>\n\t\t\t\t\t<\/div>\n\n\t\n\n\t<div id=\"col-2031061551\" class=\"col medium-8 small-12 large-8\"  >\n\t\t\t\t<div class=\"col-inner\"  >\n\t\t\t\n\t\t\t\n\n\t<div id=\"text-1780899234\" class=\"text\">\n\t\t\n\n<h2 class=\"uppercase\">Was ich bisher erreicht habe<\/h2>\n\t\t\n<style>\n#text-1780899234 {\n  color: rgb(211, 183, 139);\n}\n#text-1780899234 > * {\n  color: rgb(211, 183, 139);\n}\n<\/style>\n\t<\/div>\n\t\n<p>Mein nationales Rating ist 2004 und mein FIDE Rating ist 1990.<\/p>\n\n\t\t<\/div>\n\t\t\t\t\t<\/div>\n\n\t\n\n<\/div>\n<div class=\"text-center\"><div class=\"is-divider divider clearfix\" style=\"max-width:500px;\"><\/div><\/div>\n\n<div class=\"row\"  id=\"row-2056193425\">\n\n\n\t<div id=\"col-443901665\" class=\"col medium-4 small-12 large-4\"  >\n\t\t\t\t<div class=\"col-inner\"  >\n\t\t\t\n\t\t\t\n\n\t<div class=\"img has-hover x md-x lg-x y md-y lg-y\" id=\"image_2135671616\">\n\t\t\t\t\t\t\t\t<div class=\"img-inner dark\" >\n\t\t\t<img loading=\"lazy\" decoding=\"async\" width=\"1\" height=\"1\" src=\"https:\/\/schach-manuel-lernen.ch\/wp-content\/uploads\/2025\/03\/kunden.avif\" class=\"attachment-large size-large\" alt=\"\" \/>\t\t\t\t\t\t\n\t\t\t\t\t<\/div>\n\t\t\t\t\t\t\t\t\n<style>\n#image_2135671616 {\n  width: 100%;\n}\n<\/style>\n\t<\/div>\n\t\n\n\n\t\t<\/div>\n\t\t\t\t\t<\/div>\n\n\t\n\n\t<div id=\"col-1849476799\" class=\"col medium-8 small-12 large-8\"  >\n\t\t\t\t<div class=\"col-inner\"  >\n\t\t\t\n\t\t\t\n\n\t<div id=\"text-2910034002\" class=\"text\">\n\t\t\n\n<h2 class=\"uppercase\">Kunden<\/h2>\n\t\t\n<style>\n#text-2910034002 {\n  color: #d3b78b;\n}\n#text-2910034002 > * {\n  color: #d3b78b;\n}\n<\/style>\n\t<\/div>\n\t\n<p>Alle, die Spass und Lust am Schach spielen haben<\/p>\n\n\t\t<\/div>\n\t\t\t\t\t<\/div>\n\n\t\n\n<\/div>\n\t<div id=\"gap-141018122\" class=\"gap-element clearfix\" style=\"display:block; height:auto;\">\n\t\t\n<style>\n#gap-141018122 {\n  padding-top: 50px;\n}\n<\/style>\n\t<\/div>\n\t\n\n\n\t<section class=\"section\" id=\"section_1576457224\">\n\t\t<div class=\"section-bg fill\" >\n\t\t\t<img decoding=\"async\" src=\"https:\/\/schach-manuel-lernen.ch\/wp-content\/uploads\/2025\/03\/schachbrett_02.avif\" class=\"bg attachment- size-\" alt=\"\" \/>\t\t\t\t\t\t<div class=\"section-bg-overlay absolute fill\"><\/div>\n\t\t\t\n\t<div class=\"is-border\"\n\t\tstyle=\"border-color:rgb(235, 235, 235);border-width:1px 0px 0px 0px;\">\n\t<\/div>\n\n\t\t<\/div>\n\n\t\t\n\n\t\t<div class=\"section-content relative\">\n\t\t\t\n\n<div class=\"row\"  id=\"row-55423458\">\n\n\n\t<div id=\"col-884152220\" class=\"col medium-3 small-12 large-3\"  >\n\t\t\t\t<div class=\"col-inner\"  >\n\t\t\t\n\t\t\t\n\n\n\t\t<\/div>\n\t\t\t\t\t<\/div>\n\n\t\n\n\t<div id=\"col-1415323562\" class=\"col medium-6 small-12 large-6\"  >\n\t\t\t\t<div class=\"col-inner\"  >\n\t\t\t\n\t\t\t\n\n\t<div id=\"text-1875712336\" class=\"text\">\n\t\t\n\n<h2>Meine Leistungen<\/h2>\n\t\t\n<style>\n#text-1875712336 {\n  font-size: 1.75rem;\n  text-align: center;\n  color: #d3b78b;\n}\n#text-1875712336 > * {\n  color: #d3b78b;\n}\n<\/style>\n\t<\/div>\n\t\n\t<div id=\"text-4089075699\" class=\"text\">\n\t\t\n\n<p>&#8211; Regeln von A-Z (gratis)<br \/>\n&#8211; Pers\u00f6nliche Einzellektion (50.- pro h)<br \/>\n&#8211; Pers\u00f6nliche Einzellektionen Studententarif (40.- pro h)<br \/>\n&#8211; Gruppenlektionen (15.- pro h ab 4 Personen)<\/p>\n\t\t\n<style>\n#text-4089075699 {\n  text-align: center;\n}\n<\/style>\n\t<\/div>\n\t\n<div class=\"row\"  id=\"row-1987479741\">\n\n\n\t<div id=\"col-2080573683\" class=\"col medium-3 small-12 large-3\"  >\n\t\t\t\t<div class=\"col-inner\"  >\n\t\t\t\n\t\t\t\n\n\n\t\t<\/div>\n\t\t\t\t\t<\/div>\n\n\t\n\n\t<div id=\"col-878776148\" class=\"col medium-6 small-12 large-6\"  >\n\t\t\t\t<div class=\"col-inner text-center\"  >\n\t\t\t\n\t\t\t\n\n<a href=\"https:\/\/schach-manuel-lernen.ch\/index.php\/leistungen\/\" class=\"button secondary\"  style=\"border-radius:10px;\">\n\t\t<span>Mehr erfahren<\/span>\n\t<\/a>\n\n\n\n\t\t<\/div>\n\t\t\t\t\t<\/div>\n\n\t\n\n\t<div id=\"col-1851892160\" class=\"col medium-3 small-12 large-3\"  >\n\t\t\t\t<div class=\"col-inner\"  >\n\t\t\t\n\t\t\t\n\n\n\t\t<\/div>\n\t\t\t\t\t<\/div>\n\n\t\n\n<\/div>\n\n\t\t<\/div>\n\t\t\t\t\t<\/div>\n\n\t\n\n\t<div id=\"col-1207957433\" class=\"col medium-3 small-12 large-3\"  >\n\t\t\t\t<div class=\"col-inner\"  >\n\t\t\t\n\t\t\t\n\n\n\t\t<\/div>\n\t\t\t\t\t<\/div>\n\n\t\n\n<\/div>\n\n\t\t<\/div>\n\n\t\t\n<style>\n#section_1576457224 {\n  padding-top: 60px;\n  padding-bottom: 60px;\n  min-height: 300px;\n  background-color: rgb(245, 245, 245);\n}\n#section_1576457224 .section-bg-overlay {\n  background-color: rgba(0, 0, 0, 0.791);\n}\n<\/style>\n\t<\/section>\n\t\n\n","protected":false},"excerpt":{"rendered":"","protected":false},"author":1,"featured_media":0,"parent":0,"menu_order":0,"comment_status":"closed","ping_status":"closed","template":"","meta":{"footnotes":""},"class_list":["post-8","page","type-page","status-publish","hentry"],"_links":{"self":[{"href":"https:\/\/schach-manuel-lernen.ch\/index.php\/wp-json\/wp\/v2\/pages\/8","targetHints":{"allow":["GET"]}}],"collection":[{"href":"https:\/\/schach-manuel-lernen.ch\/index.php\/wp-json\/wp\/v2\/pages"}],"about":[{"href":"https:\/\/schach-manuel-lernen.ch\/index.php\/wp-json\/wp\/v2\/types\/page"}],"author":[{"embeddable":true,"href":"https:\/\/schach-manuel-lernen.ch\/index.php\/wp-json\/wp\/v2\/users\/1"}],"replies":[{"embeddable":true,"href":"https:\/\/schach-manuel-lernen.ch\/index.php\/wp-json\/wp\/v2\/comments?post=8"}],"version-history":[{"count":51,"href":"https:\/\/schach-manuel-lernen.ch\/index.php\/wp-json\/wp\/v2\/pages\/8\/revisions"}],"predecessor-version":[{"id":306,"href":"https:\/\/schach-manuel-lernen.ch\/index.php\/wp-json\/wp\/v2\/pages\/8\/revisions\/306"}],"wp:attachment":[{"href":"https:\/\/schach-manuel-lernen.ch\/index.php\/wp-json\/wp\/v2\/media?parent=8"}],"curies":[{"name":"wp","href":"https:\/\/api.w.org\/{rel}","templated":true}]}}